{"id":7,"date":"2024-08-06T13:24:53","date_gmt":"2024-08-06T13:24:53","guid":{"rendered":"https:\/\/kishinkai-toulouse.fr\/index.php\/front_page\/"},"modified":"2025-09-13T10:20:14","modified_gmt":"2025-09-13T10:20:14","slug":"aikido","status":"publish","type":"page","link":"https:\/\/kishinkai-toulouse.fr\/","title":{"rendered":"Bienvenue"},"content":{"rendered":"\n\n\n\n\n\n","protected":false},"excerpt":{"rendered":"","protected":false},"author":1,"featured_media":0,"parent":0,"menu_order":0,"comment_status":"closed","ping_status":"closed","template":"","meta":{"saved_in_kubio":true,"footnotes":""},"class_list":["post-7","page","type-page","status-publish","hentry"],"yoast_head":"<!-- This site is optimized with the Yoast SEO plugin v27.5 - https:\/\/yoast.com\/product\/yoast-seo-wordpress\/ -->\n<title>Aikido Kishinkai \u00e0 Toulouse<\/title>\n<meta name=\"description\" content=\"Venez d\u00e9couvrir l&#039;Aikido Kishinkai \u00e0 Toulouse, un art martial japonais puisant sa source dans les traditions guerri\u00e8res des samoura\u00efs.\" \/>\n<meta name=\"robots\" content=\"index, nofollow, max-snippet:-1, max-image-preview:large, max-video-preview:-1, noarchive\" \/>\n<link rel=\"canonical\" href=\"https:\/\/kishinkai-toulouse.fr\/\" \/>\n<meta property=\"og:locale\" content=\"fr_FR\" \/>\n<meta property=\"og:type\" content=\"article\" \/>\n<meta property=\"og:title\" content=\"Aikido Kishinkai \u00e0 Toulouse\" \/>\n<meta property=\"og:description\" content=\"Venez d\u00e9couvrir l&#039;Aikido Kishinkai \u00e0 Toulouse, un art martial japonais puisant sa source dans les traditions guerri\u00e8res des samoura\u00efs.\" \/>\n<meta property=\"og:url\" content=\"https:\/\/kishinkai-toulouse.fr\/\" \/>\n<meta property=\"og:site_name\" content=\"Kishinka\u00ef A\u00efkido Toulouse\" \/>\n<meta property=\"article:publisher\" content=\"https:\/\/www.facebook.com\/KishinkaiToulouse\" \/>\n<meta property=\"article:modified_time\" content=\"2025-09-13T10:20:14+00:00\" \/>\n<meta property=\"og:image\" content=\"https:\/\/kishinkai-toulouse.fr\/wp-content\/uploads\/2024\/08\/preview-1024x576.png\" \/>\n\t<meta property=\"og:image:width\" content=\"1024\" \/>\n\t<meta property=\"og:image:height\" content=\"576\" \/>\n\t<meta property=\"og:image:type\" content=\"image\/png\" \/>\n<meta name=\"twitter:card\" content=\"summary_large_image\" \/>\n<meta name=\"twitter:label1\" content=\"Dur\u00e9e de lecture estim\u00e9e\" \/>\n\t<meta name=\"twitter:data1\" content=\"2 minutes\" \/>\n<script type=\"application\/ld+json\" class=\"yoast-schema-graph\">{\"@context\":\"https:\\\/\\\/schema.org\",\"@graph\":[{\"@type\":\"WebPage\",\"@id\":\"https:\\\/\\\/kishinkai-toulouse.fr\\\/\",\"url\":\"https:\\\/\\\/kishinkai-toulouse.fr\\\/\",\"name\":\"Aikido Kishinkai \u00e0 Toulouse\",\"isPartOf\":{\"@id\":\"https:\\\/\\\/kishinkai-toulouse.fr\\\/#website\"},\"datePublished\":\"2024-08-06T13:24:53+00:00\",\"dateModified\":\"2025-09-13T10:20:14+00:00\",\"description\":\"Venez d\u00e9couvrir l'Aikido Kishinkai \u00e0 Toulouse, un art martial japonais puisant sa source dans les traditions guerri\u00e8res des samoura\u00efs.\",\"breadcrumb\":{\"@id\":\"https:\\\/\\\/kishinkai-toulouse.fr\\\/#breadcrumb\"},\"inLanguage\":\"fr-FR\",\"potentialAction\":[{\"@type\":\"ReadAction\",\"target\":[\"https:\\\/\\\/kishinkai-toulouse.fr\\\/\"]}]},{\"@type\":\"BreadcrumbList\",\"@id\":\"https:\\\/\\\/kishinkai-toulouse.fr\\\/#breadcrumb\",\"itemListElement\":[{\"@type\":\"ListItem\",\"position\":1,\"name\":\"Home\",\"item\":\"https:\\\/\\\/kishinkai-toulouse.fr\\\/\"},{\"@type\":\"ListItem\",\"position\":2,\"name\":\"Bienvenue\"}]},{\"@type\":\"WebSite\",\"@id\":\"https:\\\/\\\/kishinkai-toulouse.fr\\\/#website\",\"url\":\"https:\\\/\\\/kishinkai-toulouse.fr\\\/\",\"name\":\"Kishinka\u00ef A\u00efkido Toulouse\",\"description\":\"Venez d\u00e9couvrir l&#039;Aikido Kishinkai \u00e0 Toulouse, un art martial japonais puisant sa source dans les traditions guerri\u00e8res des samoura\u00efs.\",\"publisher\":{\"@id\":\"https:\\\/\\\/kishinkai-toulouse.fr\\\/#organization\"},\"alternateName\":\"A\u00efkido \u00e0 Toulouse\",\"potentialAction\":[{\"@type\":\"SearchAction\",\"target\":{\"@type\":\"EntryPoint\",\"urlTemplate\":\"https:\\\/\\\/kishinkai-toulouse.fr\\\/?s={search_term_string}\"},\"query-input\":{\"@type\":\"PropertyValueSpecification\",\"valueRequired\":true,\"valueName\":\"search_term_string\"}}],\"inLanguage\":\"fr-FR\"},{\"@type\":\"Organization\",\"@id\":\"https:\\\/\\\/kishinkai-toulouse.fr\\\/#organization\",\"name\":\"Kishinka\u00ef A\u00efkido Toulouse\",\"url\":\"https:\\\/\\\/kishinkai-toulouse.fr\\\/\",\"logo\":{\"@type\":\"ImageObject\",\"inLanguage\":\"fr-FR\",\"@id\":\"https:\\\/\\\/kishinkai-toulouse.fr\\\/#\\\/schema\\\/logo\\\/image\\\/\",\"url\":\"https:\\\/\\\/kishinkai-toulouse.fr\\\/wp-content\\\/uploads\\\/2024\\\/08\\\/logo-kat.png\",\"contentUrl\":\"https:\\\/\\\/kishinkai-toulouse.fr\\\/wp-content\\\/uploads\\\/2024\\\/08\\\/logo-kat.png\",\"width\":694,\"height\":250,\"caption\":\"Kishinka\u00ef A\u00efkido Toulouse\"},\"image\":{\"@id\":\"https:\\\/\\\/kishinkai-toulouse.fr\\\/#\\\/schema\\\/logo\\\/image\\\/\"},\"sameAs\":[\"https:\\\/\\\/www.facebook.com\\\/KishinkaiToulouse\"]}]}<\/script>\n<!-- \/ Yoast SEO plugin. -->","yoast_head_json":{"title":"Aikido Kishinkai \u00e0 Toulouse","description":"Venez d\u00e9couvrir l'Aikido Kishinkai \u00e0 Toulouse, un art martial japonais puisant sa source dans les traditions guerri\u00e8res des samoura\u00efs.","robots":{"index":"index","follow":"nofollow","max-snippet":"max-snippet:-1","max-image-preview":"max-image-preview:large","max-video-preview":"max-video-preview:-1","archive":"noarchive"},"canonical":"https:\/\/kishinkai-toulouse.fr\/","og_locale":"fr_FR","og_type":"article","og_title":"Aikido Kishinkai \u00e0 Toulouse","og_description":"Venez d\u00e9couvrir l'Aikido Kishinkai \u00e0 Toulouse, un art martial japonais puisant sa source dans les traditions guerri\u00e8res des samoura\u00efs.","og_url":"https:\/\/kishinkai-toulouse.fr\/","og_site_name":"Kishinka\u00ef A\u00efkido Toulouse","article_publisher":"https:\/\/www.facebook.com\/KishinkaiToulouse","article_modified_time":"2025-09-13T10:20:14+00:00","og_image":[{"width":1024,"height":576,"url":"https:\/\/kishinkai-toulouse.fr\/wp-content\/uploads\/2024\/08\/preview-1024x576.png","type":"image\/png"}],"twitter_card":"summary_large_image","twitter_misc":{"Dur\u00e9e de lecture estim\u00e9e":"2 minutes"},"schema":{"@context":"https:\/\/schema.org","@graph":[{"@type":"WebPage","@id":"https:\/\/kishinkai-toulouse.fr\/","url":"https:\/\/kishinkai-toulouse.fr\/","name":"Aikido Kishinkai \u00e0 Toulouse","isPartOf":{"@id":"https:\/\/kishinkai-toulouse.fr\/#website"},"datePublished":"2024-08-06T13:24:53+00:00","dateModified":"2025-09-13T10:20:14+00:00","description":"Venez d\u00e9couvrir l'Aikido Kishinkai \u00e0 Toulouse, un art martial japonais puisant sa source dans les traditions guerri\u00e8res des samoura\u00efs.","breadcrumb":{"@id":"https:\/\/kishinkai-toulouse.fr\/#breadcrumb"},"inLanguage":"fr-FR","potentialAction":[{"@type":"ReadAction","target":["https:\/\/kishinkai-toulouse.fr\/"]}]},{"@type":"BreadcrumbList","@id":"https:\/\/kishinkai-toulouse.fr\/#breadcrumb","itemListElement":[{"@type":"ListItem","position":1,"name":"Home","item":"https:\/\/kishinkai-toulouse.fr\/"},{"@type":"ListItem","position":2,"name":"Bienvenue"}]},{"@type":"WebSite","@id":"https:\/\/kishinkai-toulouse.fr\/#website","url":"https:\/\/kishinkai-toulouse.fr\/","name":"Kishinka\u00ef A\u00efkido Toulouse","description":"Venez d\u00e9couvrir l&#039;Aikido Kishinkai \u00e0 Toulouse, un art martial japonais puisant sa source dans les traditions guerri\u00e8res des samoura\u00efs.","publisher":{"@id":"https:\/\/kishinkai-toulouse.fr\/#organization"},"alternateName":"A\u00efkido \u00e0 Toulouse","potentialAction":[{"@type":"SearchAction","target":{"@type":"EntryPoint","urlTemplate":"https:\/\/kishinkai-toulouse.fr\/?s={search_term_string}"},"query-input":{"@type":"PropertyValueSpecification","valueRequired":true,"valueName":"search_term_string"}}],"inLanguage":"fr-FR"},{"@type":"Organization","@id":"https:\/\/kishinkai-toulouse.fr\/#organization","name":"Kishinka\u00ef A\u00efkido Toulouse","url":"https:\/\/kishinkai-toulouse.fr\/","logo":{"@type":"ImageObject","inLanguage":"fr-FR","@id":"https:\/\/kishinkai-toulouse.fr\/#\/schema\/logo\/image\/","url":"https:\/\/kishinkai-toulouse.fr\/wp-content\/uploads\/2024\/08\/logo-kat.png","contentUrl":"https:\/\/kishinkai-toulouse.fr\/wp-content\/uploads\/2024\/08\/logo-kat.png","width":694,"height":250,"caption":"Kishinka\u00ef A\u00efkido Toulouse"},"image":{"@id":"https:\/\/kishinkai-toulouse.fr\/#\/schema\/logo\/image\/"},"sameAs":["https:\/\/www.facebook.com\/KishinkaiToulouse"]}]}},"kubio_ai_page_context":{"short_desc":"","purpose":"general"},"_links":{"self":[{"href":"https:\/\/kishinkai-toulouse.fr\/index.php\/wp-json\/wp\/v2\/pages\/7","targetHints":{"allow":["GET"]}}],"collection":[{"href":"https:\/\/kishinkai-toulouse.fr\/index.php\/wp-json\/wp\/v2\/pages"}],"about":[{"href":"https:\/\/kishinkai-toulouse.fr\/index.php\/wp-json\/wp\/v2\/types\/page"}],"author":[{"embeddable":true,"href":"https:\/\/kishinkai-toulouse.fr\/index.php\/wp-json\/wp\/v2\/users\/1"}],"replies":[{"embeddable":true,"href":"https:\/\/kishinkai-toulouse.fr\/index.php\/wp-json\/wp\/v2\/comments?post=7"}],"version-history":[{"count":61,"href":"https:\/\/kishinkai-toulouse.fr\/index.php\/wp-json\/wp\/v2\/pages\/7\/revisions"}],"predecessor-version":[{"id":186,"href":"https:\/\/kishinkai-toulouse.fr\/index.php\/wp-json\/wp\/v2\/pages\/7\/revisions\/186"}],"wp:attachment":[{"href":"https:\/\/kishinkai-toulouse.fr\/index.php\/wp-json\/wp\/v2\/media?parent=7"}],"curies":[{"name":"wp","href":"https:\/\/api.w.org\/{rel}","templated":true}]}}